{"id":5858,"date":"2016-09-30T13:19:13","date_gmt":"2016-09-30T13:19:13","guid":{"rendered":"http:\/\/savory.elated-themes.com\/?page_id=5858"},"modified":"2023-09-20T20:06:13","modified_gmt":"2023-09-20T23:06:13","slug":"casa-de-massas-genova","status":"publish","type":"page","link":"https:\/\/casademassasgenova.com.br\/","title":{"rendered":"Casa de Massas Genova"},"content":{"rendered":"<section class=\"wpb-content-wrapper\"><p>[vc_row content_width=&#8221;grid&#8221; content_aligment=&#8221;center&#8221; css=&#8221;.vc_custom_1476864685056{padding-top: 95px !important;padding-bottom: 53px !important;}&#8221;][vc_column offset=&#8221;vc_col-lg-offset-3 vc_col-lg-6 vc_col-md-offset-1 vc_col-md-10&#8243;]<div class=\"eltd-section-title-outer-holder\" style=\"text-align: center\">\n\n\t\n\t\t\t<div class=\"eltd-section-title-title-holder\">\n\t\t\t\t<h2 class=\"eltd-section-title\" style=\";font-size: 42px;;font-weight: 600;line-height: 63px;text-transform: Uppercase;letter-spacing: 5px;\">\n\t\t\t\tESPECIALIZADA EM MASSAS CONGELADAS\t\t\t\t<\/h2>\n\t\t<\/div>\n\t\n<\/div>[vc_column_text]Atuando H\u00e1 Mais De 15 Anos No Mercado De Alimentos, Se Especializou Na Fabrica\u00e7\u00e3o De Massas Italianas Congeladas.<\/p>\n<p>Todos os produtos e ingredientes utilizados passam pelo rigoroso processo de qualidade orientado pelo Gastr\u00f4nomo da Casa: Sr. Mayk Zerbini, zelando sempre pela qualidade e satisfa\u00e7\u00e3o de seus amigos e clientes.[\/vc_column_text][\/vc_column][\/vc_row][vc_row css=&#8221;.vc_custom_1475246595136{padding-right: 13% !important;padding-left: 13% !important;}&#8221;][vc_column width=&#8221;1\/2&#8243;][vc_single_image image=&#8221;8389&#8243; img_size=&#8221;full&#8221;][vc_empty_space][\/vc_column][vc_column width=&#8221;1\/2&#8243;][vc_single_image image=&#8221;8399&#8243; img_size=&#8221;full&#8221;][vc_empty_space][\/vc_column][\/vc_row][vc_row content_width=&#8221;grid&#8221; css=&#8221;.vc_custom_1476864737920{padding-top: 95px !important;padding-bottom: 30px !important;background-color: #ebebeb !important;}&#8221;][vc_column width=&#8221;5\/6&#8243; offset=&#8221;vc_col-lg-offset-0 vc_col-lg-6 vc_col-md-offset-1 vc_col-md-10 vc_col-sm-offset-1&#8243;]<div class=\"eltd-section-title-outer-holder\" style=\"text-align: left\">\n\n\t\t\t<div class=\"eltd-section-subtitle-holder\">\n\t\t\t<h5 class=\"eltd-section-subtitle\" style=\";;color: #333333;;;;\">\n\t\t\t\tsaboroso\t\t\t<\/h5>\n\t\t<\/div>\n\t\n\t\t\t<div class=\"eltd-section-title-title-holder\">\n\t\t\t\t<h2 class=\"eltd-section-title\" style=\";font-size: 42px;;font-weight: 600;line-height: 63px;text-transform: Uppercase;letter-spacing: 5px;\">\n\t\t\t\tMacarr\u00e3o\t\t\t\t<\/h2>\n\t\t<\/div>\n\t\n<\/div>[vc_column_text]<\/p>\n<h4>Alguns historiadores contam que o macarr\u00e3o come\u00e7ou a ser produzido por volta de 2500 a.C., quando o homem agr\u00edcola descobriu que era capaz de moer cereais e misturar com \u00e1gua, para obter uma pasta que era cozida ou assada.<\/h4>\n<p>[\/vc_column_text][vc_empty_space]<a href=\"#\" target=\"_self\" style=\"color: #333333;background-color: #ffffff\" class=\"eltd-btn eltd-btn-medium eltd-btn-solid eltd-btn-custom-hover-bg eltd-btn-custom-hover-color eltd-btn-hover-animation eltd-btn-sweep-from-left\" data-hover-bg-color=\"#333333\" data-hover-color=\"#ffffff\" >\n\t\t\t<div class=\"eltd-btn-hover-overlay\"><\/div>\n\t    <span class=\"eltd-btn-text\">Veja nosso card\u00e1pio<\/span>\n    <\/a>[vc_empty_space height=&#8221;40px&#8221;][\/vc_column][vc_column width=&#8221;5\/6&#8243; offset=&#8221;vc_col-lg-offset-0 vc_col-lg-6 vc_col-md-offset-1 vc_col-md-10 vc_col-sm-offset-1&#8243;][vc_single_image image=&#8221;8396&#8243; img_size=&#8221;full&#8221; alignment=&#8221;center&#8221;][vc_empty_space height=&#8221;40px&#8221;][\/vc_column][\/vc_row][vc_row row_type=&#8221;parallax&#8221; content_width=&#8221;grid&#8221; full_screen_section_height=&#8221;no&#8221; parallax_background_image=&#8221;8406&#8243; css=&#8221;.vc_custom_1695239074007{padding-top: 100px !important;padding-bottom: 80px !important;}&#8221;][vc_column offset=&#8221;vc_col-lg-offset-2 vc_col-lg-8&#8243;]<div class=\"eltd-testimonials-holder clearfix\">\n\t<div class=\"eltd-testimonials eltd-with-image light\"  data-items=\"3\" data-autoplay-speed=\"3000\" data-navigation=\"no\" data-pagination=\"yes\">\n\t\t<div class=\"eltd-testimonial-content\">\n\t\t\t<div class=\"eltd-testimonials-image\">\n\t\t\t<div class=\"eltd-testimonials-image-inner\" style=\"background-image: url(https:\/\/casademassasgenova.com.br\/wp-content\/uploads\/2016\/04\/testimonial2.png)\">\n\t\t\t<\/div>\n\t\t<\/div>\n\t\t<div class=\"eltd-testimonials-text\">\n\t\t<p>O sucesso n\u00e3o \u00e9 um destino, mas o caminho em que voc\u00ea est\u00e1. Ter sucesso significa que voc\u00ea est\u00e1 trabalhando duro e caminhando todos os dias. Voc\u00ea s\u00f3 pode viver o seu sonho trabalhando duro para alcan\u00e7\u00e1-lo. Isso \u00e9 viver o seu sonho.<\/p>\n\t<\/div>\n\t<div class=\"eltd-testimonials-author\">\n\t\t<h5>Marcos Azevedo<\/h5>\n\t<\/div>\n<\/div><div class=\"eltd-testimonial-content\">\n\t\t\t<div class=\"eltd-testimonials-image\">\n\t\t\t<div class=\"eltd-testimonials-image-inner\" style=\"background-image: url(https:\/\/casademassasgenova.com.br\/wp-content\/uploads\/2016\/04\/Testemonial14.png)\">\n\t\t\t<\/div>\n\t\t<\/div>\n\t\t<div class=\"eltd-testimonials-text\">\n\t\t<p>Os elementos essenciais da doa\u00e7\u00e3o s\u00e3o o poder, a atividade amorosa e o afeto, e a consci\u00eancia da ra\u00e7a testifica que no exerc\u00edcio elevado e apropriado destes h\u00e1 uma bem-aventuran\u00e7a maior do que qualquer outra.<\/p>\n\t<\/div>\n\t<div class=\"eltd-testimonials-author\">\n\t\t<h5>Marcos Azevedo<\/h5>\n\t<\/div>\n<\/div><div class=\"eltd-testimonial-content\">\n\t\t\t<div class=\"eltd-testimonials-image\">\n\t\t\t<div class=\"eltd-testimonials-image-inner\" style=\"background-image: url(https:\/\/casademassasgenova.com.br\/wp-content\/uploads\/2016\/04\/Testemonial13.png)\">\n\t\t\t<\/div>\n\t\t<\/div>\n\t\t<div class=\"eltd-testimonials-text\">\n\t\t<p>Os elementos essenciais da doa\u00e7\u00e3o s\u00e3o o poder, a atividade amorosa e o afeto, e a consci\u00eancia da ra\u00e7a testifica que no exerc\u00edcio elevado e protegido destes h\u00e1 uma bem-aventuran\u00e7a maior do que qualquer outra.<\/p>\n\t<\/div>\n\t<div class=\"eltd-testimonials-author\">\n\t\t<h5>Marcos Azevedo<\/h5>\n\t<\/div>\n<\/div>\t<\/div>\n<\/div>[\/vc_column][\/vc_row][vc_row content_width=&#8221;grid&#8221; content_aligment=&#8221;center&#8221; css=&#8221;.vc_custom_1475488392636{padding-top: 95px !important;padding-bottom: 50px !important;}&#8221;][vc_column offset=&#8221;vc_col-lg-offset-3 vc_col-lg-6 vc_col-md-offset-1 vc_col-md-10&#8243;]<div class=\"eltd-section-title-outer-holder\" style=\"text-align: center\">\n\n\t\t\t<div class=\"eltd-section-subtitle-holder\">\n\t\t\t<h5 class=\"eltd-section-subtitle\" style=\";;color: #333333;;;;\">\n\t\t\t\tsaboroso\t\t\t<\/h5>\n\t\t<\/div>\n\t\n\t\t\t<div class=\"eltd-section-title-title-holder\">\n\t\t\t\t<h2 class=\"eltd-section-title\" style=\";font-size: 42px;;font-weight: 600;line-height: 63px;text-transform: Uppercase;letter-spacing: 5px;\">\n\t\t\t\tNosso Card\u00e1pio\t\t\t\t<\/h2>\n\t\t<\/div>\n\t\n<\/div>[vc_column_text]<\/p>\n<h4>Na Casa de Massas G\u00eanova, nos orgulhamos de nossas deliciosas op\u00e7\u00f5es de massas secas, carnes e molhos.<br \/>\nVenha conhecer o que temos para oferecer, os cr\u00edticos concordar\u00e3o que os sabores s\u00e3o ainda mais deliciosos.<\/h4>\n<p>[\/vc_column_text][\/vc_column][\/vc_row][vc_row content_width=&#8221;grid&#8221; css=&#8221;.vc_custom_1475488417808{padding-bottom: 60px !important;}&#8221;][vc_column offset=&#8221;vc_col-lg-6 vc_col-md-6&#8243;]<div class=\"eltd-restaurant-menu\" ><div class=\"eltd-restaurant-menu-holder\"><div class=\"eltd-rstrnt-item\">\n\n\t\n\t<div class=\"eltd-rstrnt-item-inner\">\n\n\t\t\n\t\t\t<div class=\"eltd-rstrnt-title-price-holder clearfix\">\n\n\t\t\t\t\n\t\t\t\t\t<h5 class=\"eltd-rstrnt-title\">\n\t\t\t\t\t\t<span class=\"eltd-rstrnt-title-area\" >\n\t\t\t\t\t\t\tProduto\t\t\t\t\t\t\t\t\t\t\t\t\t\t\t<span class=\"eltd-rstrnt-trending-item icon_star\"><\/span>\n\t\t\t\t\t\t\t\t\t\t\t\t\t<\/span>\n\t\t\t\t\t<\/h5>\n\t\t\t\t\n\t\t\t\t\t<div class=\"eltd-rstrnt-price-holder\">\n\t\t\t\t\t\t<h5 class=\"eltd-rstrnt-price\">\n\t\t\t\t\t\t\t<span class=\"eltd-rstrnt-currency\">R$<\/span>\n\t\t\t\t\t\t\t<span class=\"eltd-rstrnt-number\">0,00<\/span>\n\t\t\t\t\t\t<\/h5>\n\t\t\t\t\t<\/div>\n\n\t\t\t\t\n\t\t\t<\/div>\n\n\t\t\n\t\t\t\t\t<p class=\"eltd-rstrnt-desc\">Descri\u00e7\u00e3o<\/p>\n\t\t\t<\/div>\n<\/div><div class=\"eltd-rstrnt-item\">\n\n\t\n\t<div class=\"eltd-rstrnt-item-inner\">\n\n\t\t\n\t\t\t<div class=\"eltd-rstrnt-title-price-holder clearfix\">\n\n\t\t\t\t\n\t\t\t\t\t<h5 class=\"eltd-rstrnt-title\">\n\t\t\t\t\t\t<span class=\"eltd-rstrnt-title-area\" >\n\t\t\t\t\t\t\tProduto\t\t\t\t\t\t\t\t\t\t\t\t\t<\/span>\n\t\t\t\t\t<\/h5>\n\t\t\t\t\n\t\t\t\t\t<div class=\"eltd-rstrnt-price-holder\">\n\t\t\t\t\t\t<h5 class=\"eltd-rstrnt-price\">\n\t\t\t\t\t\t\t<span class=\"eltd-rstrnt-currency\">R$<\/span>\n\t\t\t\t\t\t\t<span class=\"eltd-rstrnt-number\">0,00<\/span>\n\t\t\t\t\t\t<\/h5>\n\t\t\t\t\t<\/div>\n\n\t\t\t\t\n\t\t\t<\/div>\n\n\t\t\n\t\t\t\t\t<p class=\"eltd-rstrnt-desc\">Descri\u00e7\u00e3o<\/p>\n\t\t\t<\/div>\n<\/div><div class=\"eltd-rstrnt-item\">\n\n\t\n\t<div class=\"eltd-rstrnt-item-inner\">\n\n\t\t\n\t\t\t<div class=\"eltd-rstrnt-title-price-holder clearfix\">\n\n\t\t\t\t\n\t\t\t\t\t<h5 class=\"eltd-rstrnt-title\">\n\t\t\t\t\t\t<span class=\"eltd-rstrnt-title-area\" >\n\t\t\t\t\t\t\tProduto\t\t\t\t\t\t\t\t\t\t\t\t\t\t\t<span class=\"eltd-rstrnt-trending-item icon_star\"><\/span>\n\t\t\t\t\t\t\t\t\t\t\t\t\t<\/span>\n\t\t\t\t\t<\/h5>\n\t\t\t\t\n\t\t\t\t\t<div class=\"eltd-rstrnt-price-holder\">\n\t\t\t\t\t\t<h5 class=\"eltd-rstrnt-price\">\n\t\t\t\t\t\t\t<span class=\"eltd-rstrnt-currency\">R$<\/span>\n\t\t\t\t\t\t\t<span class=\"eltd-rstrnt-number\">0,00<\/span>\n\t\t\t\t\t\t<\/h5>\n\t\t\t\t\t<\/div>\n\n\t\t\t\t\n\t\t\t<\/div>\n\n\t\t\n\t\t\t\t\t<p class=\"eltd-rstrnt-desc\">Descri\u00e7\u00e3o<\/p>\n\t\t\t<\/div>\n<\/div><div class=\"eltd-rstrnt-item\">\n\n\t\n\t<div class=\"eltd-rstrnt-item-inner\">\n\n\t\t\n\t\t\t<div class=\"eltd-rstrnt-title-price-holder clearfix\">\n\n\t\t\t\t\n\t\t\t\t\t<h5 class=\"eltd-rstrnt-title\">\n\t\t\t\t\t\t<span class=\"eltd-rstrnt-title-area\" >\n\t\t\t\t\t\t\tProduto\t\t\t\t\t\t\t\t\t\t\t\t\t<\/span>\n\t\t\t\t\t<\/h5>\n\t\t\t\t\n\t\t\t\t\t<div class=\"eltd-rstrnt-price-holder\">\n\t\t\t\t\t\t<h5 class=\"eltd-rstrnt-price\">\n\t\t\t\t\t\t\t<span class=\"eltd-rstrnt-currency\">R$<\/span>\n\t\t\t\t\t\t\t<span class=\"eltd-rstrnt-number\">0,00<\/span>\n\t\t\t\t\t\t<\/h5>\n\t\t\t\t\t<\/div>\n\n\t\t\t\t\n\t\t\t<\/div>\n\n\t\t\n\t\t\t\t\t<p class=\"eltd-rstrnt-desc\">Descri\u00e7\u00e3o<\/p>\n\t\t\t<\/div>\n<\/div><\/div><\/div>[vc_empty_space height=&#8221;40px&#8221;][\/vc_column][vc_column offset=&#8221;vc_col-lg-6 vc_col-md-6&#8243;]<div class=\"eltd-restaurant-menu\" ><div class=\"eltd-restaurant-menu-holder\"><div class=\"eltd-rstrnt-item\">\n\n\t\n\t<div class=\"eltd-rstrnt-item-inner\">\n\n\t\t\n\t\t\t<div class=\"eltd-rstrnt-title-price-holder clearfix\">\n\n\t\t\t\t\n\t\t\t\t\t<h5 class=\"eltd-rstrnt-title\">\n\t\t\t\t\t\t<span class=\"eltd-rstrnt-title-area\" >\n\t\t\t\t\t\t\tProduto\t\t\t\t\t\t\t\t\t\t\t\t\t<\/span>\n\t\t\t\t\t<\/h5>\n\t\t\t\t\n\t\t\t\t\t<div class=\"eltd-rstrnt-price-holder\">\n\t\t\t\t\t\t<h5 class=\"eltd-rstrnt-price\">\n\t\t\t\t\t\t\t<span class=\"eltd-rstrnt-currency\">R$<\/span>\n\t\t\t\t\t\t\t<span class=\"eltd-rstrnt-number\">0,00<\/span>\n\t\t\t\t\t\t<\/h5>\n\t\t\t\t\t<\/div>\n\n\t\t\t\t\n\t\t\t<\/div>\n\n\t\t\n\t\t\t\t\t<p class=\"eltd-rstrnt-desc\">Descri\u00e7\u00e3o<\/p>\n\t\t\t<\/div>\n<\/div><div class=\"eltd-rstrnt-item\">\n\n\t\n\t<div class=\"eltd-rstrnt-item-inner\">\n\n\t\t\n\t\t\t<div class=\"eltd-rstrnt-title-price-holder clearfix\">\n\n\t\t\t\t\n\t\t\t\t\t<h5 class=\"eltd-rstrnt-title\">\n\t\t\t\t\t\t<span class=\"eltd-rstrnt-title-area\" >\n\t\t\t\t\t\t\tProduto\t\t\t\t\t\t\t\t\t\t\t\t\t\t\t<span class=\"eltd-rstrnt-trending-item icon_star\"><\/span>\n\t\t\t\t\t\t\t\t\t\t\t\t\t<\/span>\n\t\t\t\t\t<\/h5>\n\t\t\t\t\n\t\t\t\t\t<div class=\"eltd-rstrnt-price-holder\">\n\t\t\t\t\t\t<h5 class=\"eltd-rstrnt-price\">\n\t\t\t\t\t\t\t<span class=\"eltd-rstrnt-currency\">R$<\/span>\n\t\t\t\t\t\t\t<span class=\"eltd-rstrnt-number\">0,00<\/span>\n\t\t\t\t\t\t<\/h5>\n\t\t\t\t\t<\/div>\n\n\t\t\t\t\n\t\t\t<\/div>\n\n\t\t\n\t\t\t\t\t<p class=\"eltd-rstrnt-desc\">Descri\u00e7\u00e3o<\/p>\n\t\t\t<\/div>\n<\/div><div class=\"eltd-rstrnt-item\">\n\n\t\n\t<div class=\"eltd-rstrnt-item-inner\">\n\n\t\t\n\t\t\t<div class=\"eltd-rstrnt-title-price-holder clearfix\">\n\n\t\t\t\t\n\t\t\t\t\t<h5 class=\"eltd-rstrnt-title\">\n\t\t\t\t\t\t<span class=\"eltd-rstrnt-title-area\" >\n\t\t\t\t\t\t\tProduto\t\t\t\t\t\t\t\t\t\t\t\t\t<\/span>\n\t\t\t\t\t<\/h5>\n\t\t\t\t\n\t\t\t\t\t<div class=\"eltd-rstrnt-price-holder\">\n\t\t\t\t\t\t<h5 class=\"eltd-rstrnt-price\">\n\t\t\t\t\t\t\t<span class=\"eltd-rstrnt-currency\">R$<\/span>\n\t\t\t\t\t\t\t<span class=\"eltd-rstrnt-number\">0,00<\/span>\n\t\t\t\t\t\t<\/h5>\n\t\t\t\t\t<\/div>\n\n\t\t\t\t\n\t\t\t<\/div>\n\n\t\t\n\t\t\t\t\t<p class=\"eltd-rstrnt-desc\">Descri\u00e7\u00e3o<\/p>\n\t\t\t<\/div>\n<\/div><div class=\"eltd-rstrnt-item\">\n\n\t\n\t<div class=\"eltd-rstrnt-item-inner\">\n\n\t\t\n\t\t\t<div class=\"eltd-rstrnt-title-price-holder clearfix\">\n\n\t\t\t\t\n\t\t\t\t\t<h5 class=\"eltd-rstrnt-title\">\n\t\t\t\t\t\t<span class=\"eltd-rstrnt-title-area\" >\n\t\t\t\t\t\t\tProduto\t\t\t\t\t\t\t\t\t\t\t\t\t<\/span>\n\t\t\t\t\t<\/h5>\n\t\t\t\t\n\t\t\t\t\t<div class=\"eltd-rstrnt-price-holder\">\n\t\t\t\t\t\t<h5 class=\"eltd-rstrnt-price\">\n\t\t\t\t\t\t\t<span class=\"eltd-rstrnt-currency\">R$<\/span>\n\t\t\t\t\t\t\t<span class=\"eltd-rstrnt-number\">0,00<\/span>\n\t\t\t\t\t\t<\/h5>\n\t\t\t\t\t<\/div>\n\n\t\t\t\t\n\t\t\t<\/div>\n\n\t\t\n\t\t\t\t\t<p class=\"eltd-rstrnt-desc\">Descri\u00e7\u00e3o<\/p>\n\t\t\t<\/div>\n<\/div><\/div><\/div>[vc_empty_space height=&#8221;40px&#8221;][\/vc_column][\/vc_row]<\/p>\n<\/section>","protected":false},"excerpt":{"rendered":"<p>[vc_row content_width=&#8221;grid&#8221; content_aligment=&#8221;center&#8221; css=&#8221;.vc_custom_1476864685056{padding-top: 95px !important;padding-bottom: 53px !important;}&#8221;][vc_column offset=&#8221;vc_col-lg-offset-3 vc_col-lg-6 vc_col-md-offset-1 vc_col-md-10&#8243;][vc_column_text]Atuando H\u00e1 Mais De 15 Anos No Mercado De Alimentos, Se Especializou Na Fabrica\u00e7\u00e3o De Massas Italianas Congeladas. Todos os produtos e ingredientes utilizados passam pelo rigoroso processo de qualidade orientado pelo Gastr\u00f4nomo da&#8230;<\/p>\n","protected":false},"author":1,"featured_media":0,"parent":0,"menu_order":0,"comment_status":"closed","ping_status":"closed","template":"full-width.php","meta":{"footnotes":""},"_links":{"self":[{"href":"https:\/\/casademassasgenova.com.br\/index.php?rest_route=\/wp\/v2\/pages\/5858"}],"collection":[{"href":"https:\/\/casademassasgenova.com.br\/index.php?rest_route=\/wp\/v2\/pages"}],"about":[{"href":"https:\/\/casademassasgenova.com.br\/index.php?rest_route=\/wp\/v2\/types\/page"}],"author":[{"embeddable":true,"href":"https:\/\/casademassasgenova.com.br\/index.php?rest_route=\/wp\/v2\/users\/1"}],"replies":[{"embeddable":true,"href":"https:\/\/casademassasgenova.com.br\/index.php?rest_route=%2Fwp%2Fv2%2Fcomments&post=5858"}],"version-history":[{"count":22,"href":"https:\/\/casademassasgenova.com.br\/index.php?rest_route=\/wp\/v2\/pages\/5858\/revisions"}],"predecessor-version":[{"id":8414,"href":"https:\/\/casademassasgenova.com.br\/index.php?rest_route=\/wp\/v2\/pages\/5858\/revisions\/8414"}],"wp:attachment":[{"href":"https:\/\/casademassasgenova.com.br\/index.php?rest_route=%2Fwp%2Fv2%2Fmedia&parent=5858"}],"curies":[{"name":"wp","href":"https:\/\/api.w.org\/{rel}","templated":true}]}}